{"id":301,"date":"2026-02-28T16:28:37","date_gmt":"2026-02-28T19:28:37","guid":{"rendered":"https:\/\/capitaotimon.com\/?page_id=301"},"modified":"2026-03-01T01:30:39","modified_gmt":"2026-03-01T04:30:39","slug":"sobre","status":"publish","type":"page","link":"https:\/\/capitaotimon.com\/pt\/sobre\/","title":{"rendered":"Sobre"},"content":{"rendered":"\n<div class=\"wp-block-media-text is-stacked-on-mobile\" style=\"grid-template-columns:36% auto\"><figure class=\"wp-block-media-text__media\"><img loading=\"lazy\" decoding=\"async\" width=\"768\" height=\"1024\" src=\"https:\/\/capitaotimon.com\/wp-content\/uploads\/2026\/02\/Timon.jpg\" alt=\"\" class=\"wp-image-218 size-full\" srcset=\"https:\/\/capitaotimon.com\/wp-content\/uploads\/2026\/02\/Timon.jpg 768w, https:\/\/capitaotimon.com\/wp-content\/uploads\/2026\/02\/Timon-225x300.jpg 225w\" sizes=\"auto, (max-width: 768px) 100vw, 768px\" \/><\/figure><div class=\"wp-block-media-text__content\">\n<p style=\"margin-top:0;margin-bottom:0;padding-top:var(--wp--preset--spacing--30)\">Eu sou o Timon \u2014 pescador e apaixonado pelo mar. Desde cedo me sinto em casa na beira da \u00e1gua, seja pescando, velejando ou explorando novos lugares.<\/p>\n\n\n\n<p>O mar sempre ensina alguma coisa. \u00c0s vezes com vento favor\u00e1vel, \u00e0s vezes com perrengue. Aqui eu compartilho minha vida \u00e0 vela, minhas pescarias, os erros, os aprendizados e as hist\u00f3rias que s\u00f3 quem est\u00e1 na \u00e1gua entende.<\/p>\n\n\n\n<p>Tamb\u00e9m divido lugares que marcaram a jornada \u2014 ilhas, costas e cantos que sempre d\u00e3o vontade de voltar.<\/p>\n\n\n\n<p>Meu objetivo \u00e9 simples: comandar meu pr\u00f3prio veleiro e construir uma vida no mar, passo a passo, com calma e persist\u00eancia.<\/p>\n\n\n\n<p style=\"padding-top:0;padding-bottom:5px\">Se voc\u00ea gosta desse tipo de conte\u00fado e quer fortalecer essa travessia \u2014 seja ajudando com combust\u00edvel, manuten\u00e7\u00e3o ou novas aventuras \u2014 pode apoiar o projeto abaixo. <br><\/p>\n\n\n\n<p style=\"margin-top:-5px;margin-bottom:28px;padding-top:0px;padding-bottom:0\">Obrigado por estar a bordo.<\/p>\n\n\n\n<p style=\"padding-top:0px;padding-bottom:0\"><\/p>\n\n\n\n<script\n  type=\"text\/javascript\"\n  src=\"https:\/\/cdnjs.buymeacoffee.com\/1.0.0\/button.prod.min.js\"\n  data-name=\"bmc-button\"\n  data-slug=\"capitaotimon\"\n  data-color=\"#ffffff\"\n  data-emoji=\"\u2693\"\n  data-font=\"Poppins\"\n  data-text=\"Apoiar a Jornada\"\n  data-outline-color=\"#0f2a44\"\n  data-font-color=\"#0f2a44\"\n  data-coffee-color=\"#FFDD00\">\n<\/script>\n<\/div><\/div>\n\n\n\n<p><\/p>\n\n\n\n<p><\/p>\n","protected":false},"excerpt":{"rendered":"<p>Eu sou o Timon \u2014 pescador e apaixonado pelo mar. Desde cedo me sinto em casa na beira da \u00e1gua, seja pescando, velejando ou explorando novos lugares. O mar sempre ensina alguma coisa. \u00c0s vezes com vento favor\u00e1vel, \u00e0s vezes com perrengue. Aqui eu compartilho minha vida \u00e0 vela, minhas pescarias, os erros, os aprendizados [&hellip;]<\/p>\n","protected":false},"author":1,"featured_media":0,"parent":0,"menu_order":0,"comment_status":"closed","ping_status":"closed","template":"","meta":{"_locale":"pt_BR","_original_post":"https:\/\/capitaotimon.com\/?page_id=21","footnotes":""},"categories":[],"tags":[],"class_list":["post-301","page","type-page","status-publish","hentry","pt-BR"],"_links":{"self":[{"href":"https:\/\/capitaotimon.com\/wp-json\/wp\/v2\/pages\/301","targetHints":{"allow":["GET"]}}],"collection":[{"href":"https:\/\/capitaotimon.com\/wp-json\/wp\/v2\/pages"}],"about":[{"href":"https:\/\/capitaotimon.com\/wp-json\/wp\/v2\/types\/page"}],"author":[{"embeddable":true,"href":"https:\/\/capitaotimon.com\/wp-json\/wp\/v2\/users\/1"}],"replies":[{"embeddable":true,"href":"https:\/\/capitaotimon.com\/wp-json\/wp\/v2\/comments?post=301"}],"version-history":[{"count":26,"href":"https:\/\/capitaotimon.com\/wp-json\/wp\/v2\/pages\/301\/revisions"}],"predecessor-version":[{"id":394,"href":"https:\/\/capitaotimon.com\/wp-json\/wp\/v2\/pages\/301\/revisions\/394"}],"wp:attachment":[{"href":"https:\/\/capitaotimon.com\/wp-json\/wp\/v2\/media?parent=301"}],"wp:term":[{"taxonomy":"category","embeddable":true,"href":"https:\/\/capitaotimon.com\/wp-json\/wp\/v2\/categories?post=301"},{"taxonomy":"post_tag","embeddable":true,"href":"https:\/\/capitaotimon.com\/wp-json\/wp\/v2\/tags?post=301"}],"curies":[{"name":"wp","href":"https:\/\/api.w.org\/{rel}","templated":true}]}}